{"id":155,"date":"2016-08-01T19:50:17","date_gmt":"2016-08-01T18:50:17","guid":{"rendered":"https:\/\/www.kubic3d.com\/?page_id=155"},"modified":"2024-04-02T07:20:26","modified_gmt":"2024-04-02T06:20:26","slug":"innovations-3d","status":"publish","type":"page","link":"https:\/\/www.kubic3d.com\/index.php\/innovations-3d\/","title":{"rendered":"INNOVATIONS 3D"},"content":{"rendered":"<p><strong>L&rsquo;innovation 3D <em>by<\/em> Kubic 3D, ce sont des technologies qui mettent vos id\u00e9es&nbsp;en images et en volumes \u00e0 l&rsquo;aide des objets de communication les plus r\u00e9pandus.<\/strong><br \/>\n<a name=\"ancre1\"><\/a><\/p>\n<hr>\n<h3 style=\"text-align: center;\"><img loading=\"lazy\" decoding=\"async\" class=\"alignnone wp-image-162 size-full\" src=\"https:\/\/www.kubic3d.com\/wp-content\/uploads\/2016\/07\/photospheres.png\" alt=\"photospheres\" width=\"800\" height=\"65\"><\/h3>\n<p style=\"text-align: center;\">Vous avez d\u00e9sormais la possibilit\u00e9 de voir \u00e0 360\u00b0 l&rsquo;int\u00e9rieur d\u2019une pi\u00e8ce dans votre navigateur ou avec un logiciel d\u00e9di\u00e9 avec une simple image !<\/p>\n<p style=\"text-align: center;\">\n    <iframe loading=\"lazy\" width=\"800\" height=\"400\" scrolling=\"no\" allowfullscreen src=\"https:\/\/www.kubic3d.com\/wp-content\/plugins\/wp-vr-view\/asset\/index.html?image=https:\/\/farm9.staticflickr.com\/8847\/28502644771_86fe9dd492_k_d.jpg&is_stereo=false\"><\/iframe>\n\n  <\/p>\n<h6 style=\"text-align: right;\"><span style=\"color: #ff0000;\"><em>Cliquez sur l&rsquo;image pour la faire tourner<\/em><\/span><\/h6>\n<p><a name=\"ancre2\"><\/a><br \/>\n<img loading=\"lazy\" decoding=\"async\" class=\"wp-image-138 size-full aligncenter\" src=\"https:\/\/www.kubic3d.com\/wp-content\/uploads\/2016\/07\/sketchfab.png\" alt=\"sketchfab\" width=\"800\" height=\"65\"><\/p>\n<p>Cette extraordinaire application web, standard reconnu par FACEBOOK, permet d&rsquo;afficher des objets 3D dans votre navigateur internet. Vous pouvez d\u00e8s \u00e0 pr\u00e9sent cr\u00e9er vos catalogues de produits en ligne, consultables par tous !<\/p>\n<p>&nbsp;<\/p>\n<p style=\"text-align: center;\"><strong><em>Pr\u00e9sentation d&rsquo;un appartement avec SKETCHFAB.<\/em><\/strong><\/p>\n<p style=\"text-align: center;\"><iframe loading=\"lazy\" width=\"640\" height=\"480\" src=\"https:\/\/sketchfab.com\/models\/0c1a5a92e4d546cfade44df98562448e\/embed?autostart=0&autospin=0\" frameborder=\"0\" webkitallowfullscreen=\"true\" mozallowfullscreen=\"true\"><\/iframe><\/p>\n<h6 style=\"text-align: right;\"><span style=\"color: #ff0000;\"><em>Cliquez sur l&rsquo;image pour la faire tourner<\/em><\/span><\/h6>\n<p><a name=\"ancre3\"><\/a><\/p>\n<p>&nbsp;<\/p>\n<p><img loading=\"lazy\" decoding=\"async\" class=\"wp-image-239 size-full aligncenter\" src=\"https:\/\/www.kubic3d.com\/wp-content\/uploads\/2016\/07\/realite-augmentee.png\" alt=\"realite-augmentee\" width=\"800\" height=\"65\"><\/p>\n<p>La r\u00e9alit\u00e9 augment\u00e9e est une technologie qui permet d\u2019inclure en temps r\u00e9el des informations (texte, vid\u00e9o, photo, image anim\u00e9es, 2D ou 3D\u2026) en surimposition de la r\u00e9alit\u00e9. On vient donc \u00ab\u00a0<strong>augmenter<\/strong>\u00a0\u00bb la r\u00e9alit\u00e9 avec des informations de fa\u00e7on interactive.<\/p>\n<p>Comme ici, dans le domaine de l\u2019immobilier, on vient superposer des infos en temps r\u00e9el sur les&nbsp;appartements \u00e0 vendre dans la rue devant vous. La rue qui, elle, est bien r\u00e9elle.<br \/>\n<a name=\"ancre4\"><\/a><br \/>\n<img loading=\"lazy\" decoding=\"async\" class=\"size-full wp-image-577 aligncenter\" src=\"https:\/\/www.kubic3d.com\/wp-content\/uploads\/2024\/04\/photo.jpg\" alt=\"\" width=\"850\" height=\"470\" srcset=\"https:\/\/www.kubic3d.com\/wp-content\/uploads\/2024\/04\/photo.jpg 850w, https:\/\/www.kubic3d.com\/wp-content\/uploads\/2024\/04\/photo-300x166.jpg 300w, https:\/\/www.kubic3d.com\/wp-content\/uploads\/2024\/04\/photo-768x425.jpg 768w\" sizes=\"auto, (max-width: 850px) 100vw, 850px\" \/><br style=\"clear: both;\"><br style=\"clear: both;\"><\/p>\n<p style=\"text-align: center;\"><img loading=\"lazy\" decoding=\"async\" class=\"alignnone wp-image-192 size-full\" src=\"https:\/\/www.kubic3d.com\/wp-content\/uploads\/2016\/08\/PDF_3D.png\" alt=\"PDF_3D\" width=\"800\" height=\"65\" srcset=\"https:\/\/www.kubic3d.com\/wp-content\/uploads\/2016\/08\/PDF_3D.png 800w, https:\/\/www.kubic3d.com\/wp-content\/uploads\/2016\/08\/PDF_3D-300x24.png 300w, https:\/\/www.kubic3d.com\/wp-content\/uploads\/2016\/08\/PDF_3D-768x62.png 768w\" sizes=\"auto, (max-width: 800px) 100vw, 800px\" \/><\/p>\n<p>Envoyez, pr\u00e9sentez vos fichiers 3D grace \u00e0&nbsp;un format connu de tous ! &nbsp;Le PDF 3D est un fichier identique aux fichiers PDF habituels qui contient des donn\u00e9es 3D.<\/p>\n<p><strong>Exemple d&rsquo;un PDF 3D<\/strong> :&nbsp;<em><strong><a href=\"https:\/\/www.kubic3d.com\/web\/kubic_3d.pdf\" target=\"_blank\" rel=\"noopener noreferrer\" download=\"kubic_3d.pdf\">TELECHARGER<\/a><\/strong><\/em><\/p>\n<hr>\n<p><img loading=\"lazy\" decoding=\"async\" class=\"wp-image-256 aligncenter\" src=\"https:\/\/www.kubic3d.com\/wp-content\/uploads\/2016\/07\/logo_kubic.png\" alt=\"logo_kubic\" width=\"150\" height=\"44\"><\/p>\n","protected":false},"excerpt":{"rendered":"<p>L&rsquo;innovation 3D by Kubic 3D, ce sont des technologies qui mettent vos id\u00e9es&nbsp;en images et en volumes \u00e0 l&rsquo;aide des objets de communication les plus r\u00e9pandus. Vous avez d\u00e9sormais la possibilit\u00e9 de voir \u00e0 360\u00b0 l&rsquo;int\u00e9rieur d\u2019une pi\u00e8ce dans votre navigateur ou avec un logiciel d\u00e9di\u00e9 avec une simple image ! Cliquez sur l&rsquo;image pour [&hellip;]<\/p>\n","protected":false},"author":1,"featured_media":23,"parent":0,"menu_order":0,"comment_status":"closed","ping_status":"closed","template":"","meta":{"_exactmetrics_skip_tracking":false,"_exactmetrics_sitenote_active":false,"_exactmetrics_sitenote_note":"","_exactmetrics_sitenote_category":0,"ngg_post_thumbnail":0,"footnotes":""},"class_list":["post-155","page","type-page","status-publish","has-post-thumbnail","czr-hentry"],"_links":{"self":[{"href":"https:\/\/www.kubic3d.com\/index.php\/wp-json\/wp\/v2\/pages\/155","targetHints":{"allow":["GET"]}}],"collection":[{"href":"https:\/\/www.kubic3d.com\/index.php\/wp-json\/wp\/v2\/pages"}],"about":[{"href":"https:\/\/www.kubic3d.com\/index.php\/wp-json\/wp\/v2\/types\/page"}],"author":[{"embeddable":true,"href":"https:\/\/www.kubic3d.com\/index.php\/wp-json\/wp\/v2\/users\/1"}],"replies":[{"embeddable":true,"href":"https:\/\/www.kubic3d.com\/index.php\/wp-json\/wp\/v2\/comments?post=155"}],"version-history":[{"count":47,"href":"https:\/\/www.kubic3d.com\/index.php\/wp-json\/wp\/v2\/pages\/155\/revisions"}],"predecessor-version":[{"id":580,"href":"https:\/\/www.kubic3d.com\/index.php\/wp-json\/wp\/v2\/pages\/155\/revisions\/580"}],"wp:featuredmedia":[{"embeddable":true,"href":"https:\/\/www.kubic3d.com\/index.php\/wp-json\/wp\/v2\/media\/23"}],"wp:attachment":[{"href":"https:\/\/www.kubic3d.com\/index.php\/wp-json\/wp\/v2\/media?parent=155"}],"curies":[{"name":"wp","href":"https:\/\/api.w.org\/{rel}","templated":true}]}}