{"id":69,"date":"2016-08-01T18:17:46","date_gmt":"2016-08-01T17:17:46","guid":{"rendered":"https:\/\/www.kubic3d.com\/?page_id=69"},"modified":"2024-04-01T16:16:16","modified_gmt":"2024-04-01T15:16:16","slug":"visites-virtuelles","status":"publish","type":"page","link":"https:\/\/www.kubic3d.com\/index.php\/visites-virtuelles\/","title":{"rendered":"VISITES VIRTUELLES"},"content":{"rendered":"<blockquote><p><strong>Kubic 3D innove en vous proposant une technologie issue de l&rsquo;industrie du jeu vid\u00e9o pour vous donner la possibilit\u00e9 de d\u00e9couvrir avant m\u00eame leur construction des immeubles, b\u00e2timent, locaux etc&#8230;.<\/strong><\/p><\/blockquote>\n<p><a name=\"ancre1\"><\/a><\/p>\n<hr>\n<h3 style=\"text-align: center;\"><strong>La VISITE VIRTUELLE est disponible sur 3&nbsp;supports :<\/strong><\/h3>\n<p>&nbsp;<\/p>\n<h3 style=\"text-align: center;\"><strong><img loading=\"lazy\" decoding=\"async\" class=\"alignnone size-full wp-image-572\" src=\"https:\/\/www.kubic3d.com\/wp-content\/uploads\/2024\/04\/oculus.png\" alt=\"\" width=\"800\" height=\"65\" srcset=\"https:\/\/www.kubic3d.com\/wp-content\/uploads\/2024\/04\/oculus.png 800w, https:\/\/www.kubic3d.com\/wp-content\/uploads\/2024\/04\/oculus-300x24.png 300w, https:\/\/www.kubic3d.com\/wp-content\/uploads\/2024\/04\/oculus-768x62.png 768w\" sizes=\"auto, (max-width: 800px) 100vw, 800px\" \/><\/strong><\/h3>\n<p>Vivez une nouvelle exp\u00e9rience gr\u00e2ce \u00e0 l&rsquo;<a href=\"https:\/\/www.oculus.com\/\" target=\"_blank\" rel=\"noopener noreferrer\">OCULUS QUEST<\/a>, le casque de r\u00e9alit\u00e9 virtuelle propuls\u00e9 par FACEBOOK !<\/p>\n<p><img loading=\"lazy\" decoding=\"async\" class=\" wp-image-571 aligncenter\" src=\"https:\/\/www.kubic3d.com\/wp-content\/uploads\/2024\/04\/oculus_quest.png\" alt=\"\" width=\"326\" height=\"433\"><\/p>\n<p><a name=\"ancre2\"><\/a><br \/>\n<img loading=\"lazy\" decoding=\"async\" class=\"size-full wp-image-265 aligncenter\" src=\"https:\/\/www.kubic3d.com\/wp-content\/uploads\/2016\/07\/applications-1.png\" alt=\"applications\" width=\"800\" height=\"65\"><\/p>\n<p><strong>Vos projets seront lisibles et compatibles sur votre ordinateur PC, vos SMARTPHONES et tablettes ANDROIDS :<\/strong><\/p>\n<p>Sur les ordinateurs PC votre application sera enti\u00e8rement configurable et pourra s&rsquo;adapter aux capacit\u00e9s de votre mat\u00e9riel ou de celui de vos clients et prospects.<\/p>\n<p><center><img loading=\"lazy\" decoding=\"async\" class=\"alignnone wp-image-374\" src=\"https:\/\/www.kubic3d.com\/wp-content\/uploads\/2018\/05\/Le_loft_tap.png\" alt=\"\" width=\"196\" height=\"196\" srcset=\"https:\/\/www.kubic3d.com\/wp-content\/uploads\/2018\/05\/Le_loft_tap.png 300w, https:\/\/www.kubic3d.com\/wp-content\/uploads\/2018\/05\/Le_loft_tap-150x150.png 150w\" sizes=\"auto, (max-width: 196px) 100vw, 196px\" \/><\/center><\/p>\n<p style=\"text-align: center;\"><strong><em>Scannez le QR code avec votre SMARTPHONE pour t\u00e9l\u00e9charger et installer notre application de d\u00e9monstration.<\/em><\/strong><\/p>\n<p><img loading=\"lazy\" decoding=\"async\" class=\" wp-image-196 aligncenter\" src=\"https:\/\/www.kubic3d.com\/wp-content\/uploads\/2016\/07\/tactile_02-300x169.png\" alt=\"tactile_02\" width=\"545\" height=\"307\"><br \/>\n<a name=\"ancre3\"><\/a><\/p>\n<p>&nbsp;<\/p>\n<p><img loading=\"lazy\" decoding=\"async\" class=\"size-full wp-image-268 aligncenter\" src=\"https:\/\/www.kubic3d.com\/wp-content\/uploads\/2016\/07\/internet-1.png\" alt=\"internet\" width=\"800\" height=\"65\"><\/p>\n<p><strong>Vos projets seront lisibles et compatibles avec tous les navigateurs internet.<\/strong><\/p>\n<p><img loading=\"lazy\" decoding=\"async\" class=\"wp-image-216 aligncenter\" src=\"https:\/\/www.kubic3d.com\/wp-content\/uploads\/2016\/07\/loft-300x241.png\" alt=\"loft\" width=\"528\" height=\"424\"><\/p>\n<p><strong>Une de nos r\u00e9alisations :<\/strong><\/p>\n<p>Un loft au design contemporain : <a title=\"Kubic3D : Le loft\" href=\"https:\/\/www.kubic3d.com\/web\/loft\/index.html\" target=\"_blank\" rel=\"noopener noreferrer\">www.kubic3d.com\/web\/loft\/index.html<\/a><\/p>\n<p>&nbsp;<\/p>\n<hr>\n<p><img loading=\"lazy\" decoding=\"async\" class=\"wp-image-256 aligncenter\" src=\"https:\/\/www.kubic3d.com\/wp-content\/uploads\/2016\/07\/logo_kubic.png\" alt=\"logo_kubic\" width=\"150\" height=\"44\"><\/p>\n","protected":false},"excerpt":{"rendered":"<p>Kubic 3D innove en vous proposant une technologie issue de l&rsquo;industrie du jeu vid\u00e9o pour vous donner la possibilit\u00e9 de d\u00e9couvrir avant m\u00eame leur construction des immeubles, b\u00e2timent, locaux etc&#8230;. La VISITE VIRTUELLE est disponible sur 3&nbsp;supports : &nbsp; Vivez une nouvelle exp\u00e9rience gr\u00e2ce \u00e0 l&rsquo;OCULUS QUEST, le casque de r\u00e9alit\u00e9 virtuelle propuls\u00e9 par FACEBOOK [&hellip;]<\/p>\n","protected":false},"author":1,"featured_media":33,"parent":0,"menu_order":0,"comment_status":"closed","ping_status":"closed","template":"","meta":{"_exactmetrics_skip_tracking":false,"_exactmetrics_sitenote_active":false,"_exactmetrics_sitenote_note":"","_exactmetrics_sitenote_category":0,"ngg_post_thumbnail":0,"footnotes":""},"class_list":["post-69","page","type-page","status-publish","has-post-thumbnail","czr-hentry"],"_links":{"self":[{"href":"https:\/\/www.kubic3d.com\/index.php\/wp-json\/wp\/v2\/pages\/69","targetHints":{"allow":["GET"]}}],"collection":[{"href":"https:\/\/www.kubic3d.com\/index.php\/wp-json\/wp\/v2\/pages"}],"about":[{"href":"https:\/\/www.kubic3d.com\/index.php\/wp-json\/wp\/v2\/types\/page"}],"author":[{"embeddable":true,"href":"https:\/\/www.kubic3d.com\/index.php\/wp-json\/wp\/v2\/users\/1"}],"replies":[{"embeddable":true,"href":"https:\/\/www.kubic3d.com\/index.php\/wp-json\/wp\/v2\/comments?post=69"}],"version-history":[{"count":16,"href":"https:\/\/www.kubic3d.com\/index.php\/wp-json\/wp\/v2\/pages\/69\/revisions"}],"predecessor-version":[{"id":573,"href":"https:\/\/www.kubic3d.com\/index.php\/wp-json\/wp\/v2\/pages\/69\/revisions\/573"}],"wp:featuredmedia":[{"embeddable":true,"href":"https:\/\/www.kubic3d.com\/index.php\/wp-json\/wp\/v2\/media\/33"}],"wp:attachment":[{"href":"https:\/\/www.kubic3d.com\/index.php\/wp-json\/wp\/v2\/media?parent=69"}],"curies":[{"name":"wp","href":"https:\/\/api.w.org\/{rel}","templated":true}]}}